{"id":57,"date":"2022-08-15T16:56:27","date_gmt":"2022-08-15T16:56:27","guid":{"rendered":"https:\/\/cabinet-lombonna.com\/?page_id=57"},"modified":"2024-05-21T13:06:04","modified_gmt":"2024-05-21T13:06:04","slug":"le-mot-du-president","status":"publish","type":"page","link":"https:\/\/cabinet-lombonna.com\/en\/le-mot-du-president\/","title":{"rendered":"The president's word"},"content":{"rendered":"<div data-colibri-id=\"57-c1\" class=\"style-1139 style-local-57-c1 position-relative\">\r\n  <!---->\r\n  <div data-colibri-component=\"section\" data-colibri-id=\"57-c2\" id=\"about\" class=\"h-section h-section-global-spacing d-flex align-items-lg-center align-items-md-center align-items-center style-1140 style-local-57-c2 position-relative\">\r\n    <!---->\r\n    <!---->\r\n    <div class=\"h-section-grid-container h-section-boxed-container\">\r\n      <!---->\r\n      <div data-colibri-id=\"57-c3\" class=\"h-row-container gutters-row-lg-3 gutters-row-md-3 gutters-row-0 gutters-row-v-lg-3 gutters-row-v-md-3 gutters-row-v-3 style-1141 style-local-57-c3 position-relative\">\r\n        <!---->\r\n        <div class=\"h-row justify-content-lg-center justify-content-md-center justify-content-center align-items-lg-stretch align-items-md-stretch align-items-stretch gutters-col-lg-3 gutters-col-md-3 gutters-col-0 gutters-col-v-lg-3 gutters-col-v-md-3 gutters-col-v-3\">\r\n          <!---->\r\n          <div class=\"h-column h-column-container d-flex h-col-lg-12 h-col-md-12 h-col-12 style-1142-outer style-local-57-c4-outer\">\r\n            <div data-colibri-id=\"57-c4\" class=\"d-flex h-flex-basis h-column__inner h-px-lg-0 h-px-md-0 h-px-0 v-inner-lg-0 v-inner-md-0 v-inner-0 style-1142 style-local-57-c4 position-relative\">\r\n              <!---->\r\n              <!---->\r\n              <div class=\"w-100 h-y-container h-column__content h-column__v-align flex-basis-100 align-self-lg-start align-self-md-start align-self-start\">\r\n                <!---->\r\n                <div data-colibri-id=\"57-c5\" class=\"h-global-transition-all h-heading style-1147 style-local-57-c5 position-relative h-element\">\r\n                  <!---->\r\n                  <div class=\"h-heading__outer style-1147 style-local-57-c5\">\r\n                    <!---->\r\n                    <!---->\r\n                    <h2 class=\"\">THE PRESIDENT'S WORD<\/h2>\r\n                  <\/div>\r\n                <\/div>\r\n              <\/div>\r\n            <\/div>\r\n          <\/div>\r\n        <\/div>\r\n      <\/div>\r\n    <\/div>\r\n  <\/div>\r\n<\/div><!-- Created with Elementor -->","protected":false},"excerpt":{"rendered":"<p>THE PRESIDENT'S WORD<\/p>","protected":false},"author":1,"featured_media":0,"parent":0,"menu_order":0,"comment_status":"closed","ping_status":"closed","template":"page-templates\/full-width-page.php","meta":{"footnotes":""},"class_list":["post-57","page","type-page","status-publish","hentry"],"yoast_head":"<!-- This site is optimized with the Yoast SEO plugin v27.4 - https:\/\/yoast.com\/product\/yoast-seo-wordpress\/ -->\n<title>Le mot du pr\u00e9sident - Soci\u00e9t\u00e9 d&#039;Expertise Comptable<\/title>\n<meta name=\"robots\" content=\"index, follow, max-snippet:-1, max-image-preview:large, max-video-preview:-1\" \/>\n<link rel=\"canonical\" href=\"https:\/\/cabinet-lombonna.com\/en\/le-mot-du-president\/\" \/>\n<meta property=\"og:locale\" content=\"en_US\" \/>\n<meta property=\"og:type\" content=\"article\" \/>\n<meta property=\"og:title\" content=\"Le mot du pr\u00e9sident - Soci\u00e9t\u00e9 d&#039;Expertise Comptable\" \/>\n<meta property=\"og:description\" content=\"LE MOT DU PRESIDENT\" \/>\n<meta property=\"og:url\" content=\"https:\/\/cabinet-lombonna.com\/en\/le-mot-du-president\/\" \/>\n<meta property=\"og:site_name\" content=\"Soci\u00e9t\u00e9 d&#039;Expertise Comptable\" \/>\n<meta property=\"article:modified_time\" content=\"2024-05-21T13:06:04+00:00\" \/>\n<meta name=\"twitter:card\" content=\"summary_large_image\" \/>\n<meta name=\"twitter:label1\" content=\"Est. reading time\" \/>\n\t<meta name=\"twitter:data1\" content=\"1 minute\" \/>\n<script type=\"application\/ld+json\" class=\"yoast-schema-graph\">{\"@context\":\"https:\\\/\\\/schema.org\",\"@graph\":[{\"@type\":\"WebPage\",\"@id\":\"https:\\\/\\\/cabinet-lombonna.com\\\/le-mot-du-president\\\/\",\"url\":\"https:\\\/\\\/cabinet-lombonna.com\\\/le-mot-du-president\\\/\",\"name\":\"Le mot du pr\u00e9sident - Soci\u00e9t\u00e9 d&#039;Expertise Comptable\",\"isPartOf\":{\"@id\":\"https:\\\/\\\/cabinet-lombonna.com\\\/#website\"},\"datePublished\":\"2022-08-15T16:56:27+00:00\",\"dateModified\":\"2024-05-21T13:06:04+00:00\",\"breadcrumb\":{\"@id\":\"https:\\\/\\\/cabinet-lombonna.com\\\/le-mot-du-president\\\/#breadcrumb\"},\"inLanguage\":\"en-US\",\"potentialAction\":[{\"@type\":\"ReadAction\",\"target\":[\"https:\\\/\\\/cabinet-lombonna.com\\\/le-mot-du-president\\\/\"]}]},{\"@type\":\"BreadcrumbList\",\"@id\":\"https:\\\/\\\/cabinet-lombonna.com\\\/le-mot-du-president\\\/#breadcrumb\",\"itemListElement\":[{\"@type\":\"ListItem\",\"position\":1,\"name\":\"Accueil\",\"item\":\"https:\\\/\\\/cabinet-lombonna.com\\\/\"},{\"@type\":\"ListItem\",\"position\":2,\"name\":\"Le mot du pr\u00e9sident\"}]},{\"@type\":\"WebSite\",\"@id\":\"https:\\\/\\\/cabinet-lombonna.com\\\/#website\",\"url\":\"https:\\\/\\\/cabinet-lombonna.com\\\/\",\"name\":\"Soci\u00e9t\u00e9 d&#039;Expertise Comptable\",\"description\":\"Correspondant RSM INTERNATIONAL\",\"publisher\":{\"@id\":\"https:\\\/\\\/cabinet-lombonna.com\\\/#organization\"},\"potentialAction\":[{\"@type\":\"SearchAction\",\"target\":{\"@type\":\"EntryPoint\",\"urlTemplate\":\"https:\\\/\\\/cabinet-lombonna.com\\\/?s={search_term_string}\"},\"query-input\":{\"@type\":\"PropertyValueSpecification\",\"valueRequired\":true,\"valueName\":\"search_term_string\"}}],\"inLanguage\":\"en-US\"},{\"@type\":\"Organization\",\"@id\":\"https:\\\/\\\/cabinet-lombonna.com\\\/#organization\",\"name\":\"Soci\u00e9t\u00e9 d&#039;Expertise Comptable\",\"url\":\"https:\\\/\\\/cabinet-lombonna.com\\\/\",\"logo\":{\"@type\":\"ImageObject\",\"inLanguage\":\"en-US\",\"@id\":\"https:\\\/\\\/cabinet-lombonna.com\\\/#\\\/schema\\\/logo\\\/image\\\/\",\"url\":\"https:\\\/\\\/cabinet-lombonna.com\\\/wp-content\\\/uploads\\\/2022\\\/08\\\/cropped-logo2.png\",\"contentUrl\":\"https:\\\/\\\/cabinet-lombonna.com\\\/wp-content\\\/uploads\\\/2022\\\/08\\\/cropped-logo2.png\",\"width\":329,\"height\":125,\"caption\":\"Soci\u00e9t\u00e9 d&#039;Expertise Comptable\"},\"image\":{\"@id\":\"https:\\\/\\\/cabinet-lombonna.com\\\/#\\\/schema\\\/logo\\\/image\\\/\"}}]}<\/script>\n<!-- \/ Yoast SEO plugin. -->","yoast_head_json":{"title":"Le mot du pr\u00e9sident - Soci\u00e9t\u00e9 d&#039;Expertise Comptable","robots":{"index":"index","follow":"follow","max-snippet":"max-snippet:-1","max-image-preview":"max-image-preview:large","max-video-preview":"max-video-preview:-1"},"canonical":"https:\/\/cabinet-lombonna.com\/en\/le-mot-du-president\/","og_locale":"en_US","og_type":"article","og_title":"Le mot du pr\u00e9sident - Soci\u00e9t\u00e9 d&#039;Expertise Comptable","og_description":"LE MOT DU PRESIDENT","og_url":"https:\/\/cabinet-lombonna.com\/en\/le-mot-du-president\/","og_site_name":"Soci\u00e9t\u00e9 d&#039;Expertise Comptable","article_modified_time":"2024-05-21T13:06:04+00:00","twitter_card":"summary_large_image","twitter_misc":{"Est. reading time":"1 minute"},"schema":{"@context":"https:\/\/schema.org","@graph":[{"@type":"WebPage","@id":"https:\/\/cabinet-lombonna.com\/le-mot-du-president\/","url":"https:\/\/cabinet-lombonna.com\/le-mot-du-president\/","name":"Le mot du pr\u00e9sident - Soci\u00e9t\u00e9 d&#039;Expertise Comptable","isPartOf":{"@id":"https:\/\/cabinet-lombonna.com\/#website"},"datePublished":"2022-08-15T16:56:27+00:00","dateModified":"2024-05-21T13:06:04+00:00","breadcrumb":{"@id":"https:\/\/cabinet-lombonna.com\/le-mot-du-president\/#breadcrumb"},"inLanguage":"en-US","potentialAction":[{"@type":"ReadAction","target":["https:\/\/cabinet-lombonna.com\/le-mot-du-president\/"]}]},{"@type":"BreadcrumbList","@id":"https:\/\/cabinet-lombonna.com\/le-mot-du-president\/#breadcrumb","itemListElement":[{"@type":"ListItem","position":1,"name":"Accueil","item":"https:\/\/cabinet-lombonna.com\/"},{"@type":"ListItem","position":2,"name":"Le mot du pr\u00e9sident"}]},{"@type":"WebSite","@id":"https:\/\/cabinet-lombonna.com\/#website","url":"https:\/\/cabinet-lombonna.com\/","name":"Soci\u00e9t\u00e9 d&#039;Expertise Comptable","description":"Correspondant RSM INTERNATIONAL","publisher":{"@id":"https:\/\/cabinet-lombonna.com\/#organization"},"potentialAction":[{"@type":"SearchAction","target":{"@type":"EntryPoint","urlTemplate":"https:\/\/cabinet-lombonna.com\/?s={search_term_string}"},"query-input":{"@type":"PropertyValueSpecification","valueRequired":true,"valueName":"search_term_string"}}],"inLanguage":"en-US"},{"@type":"Organization","@id":"https:\/\/cabinet-lombonna.com\/#organization","name":"Soci\u00e9t\u00e9 d&#039;Expertise Comptable","url":"https:\/\/cabinet-lombonna.com\/","logo":{"@type":"ImageObject","inLanguage":"en-US","@id":"https:\/\/cabinet-lombonna.com\/#\/schema\/logo\/image\/","url":"https:\/\/cabinet-lombonna.com\/wp-content\/uploads\/2022\/08\/cropped-logo2.png","contentUrl":"https:\/\/cabinet-lombonna.com\/wp-content\/uploads\/2022\/08\/cropped-logo2.png","width":329,"height":125,"caption":"Soci\u00e9t\u00e9 d&#039;Expertise Comptable"},"image":{"@id":"https:\/\/cabinet-lombonna.com\/#\/schema\/logo\/image\/"}}]}},"_links":{"self":[{"href":"https:\/\/cabinet-lombonna.com\/en\/wp-json\/wp\/v2\/pages\/57","targetHints":{"allow":["GET"]}}],"collection":[{"href":"https:\/\/cabinet-lombonna.com\/en\/wp-json\/wp\/v2\/pages"}],"about":[{"href":"https:\/\/cabinet-lombonna.com\/en\/wp-json\/wp\/v2\/types\/page"}],"author":[{"embeddable":true,"href":"https:\/\/cabinet-lombonna.com\/en\/wp-json\/wp\/v2\/users\/1"}],"replies":[{"embeddable":true,"href":"https:\/\/cabinet-lombonna.com\/en\/wp-json\/wp\/v2\/comments?post=57"}],"version-history":[{"count":7,"href":"https:\/\/cabinet-lombonna.com\/en\/wp-json\/wp\/v2\/pages\/57\/revisions"}],"predecessor-version":[{"id":2864,"href":"https:\/\/cabinet-lombonna.com\/en\/wp-json\/wp\/v2\/pages\/57\/revisions\/2864"}],"wp:attachment":[{"href":"https:\/\/cabinet-lombonna.com\/en\/wp-json\/wp\/v2\/media?parent=57"}],"curies":[{"name":"wp","href":"https:\/\/api.w.org\/{rel}","templated":true}]}}