{"id":1913,"date":"2024-03-13T10:51:07","date_gmt":"2024-03-13T10:51:07","guid":{"rendered":"https:\/\/cabinet-lombonna.com\/?page_id=1913"},"modified":"2024-03-21T10:38:06","modified_gmt":"2024-03-21T10:38:06","slug":"secteur-public","status":"publish","type":"page","link":"https:\/\/cabinet-lombonna.com\/en\/secteur-public\/","title":{"rendered":"Public sector"},"content":{"rendered":"<div data-colibri-id=\"1913-c1\" class=\"style-1531 style-local-1913-c1 position-relative\">\n  <!---->\n  <div data-colibri-component=\"section\" data-colibri-id=\"1913-c2\" id=\"portfolio\" class=\"h-section h-section-global-spacing d-flex align-items-lg-center align-items-md-center align-items-center style-1532 style-local-1913-c2 position-relative\">\n    <!---->\n    <!---->\n    <div class=\"h-section-grid-container h-section-boxed-container\">\n      <div data-colibri-id=\"1913-c18\" class=\"h-row-container gutters-row-lg-2 gutters-row-md-2 gutters-row-2 gutters-row-v-lg-2 gutters-row-v-md-2 gutters-row-v-2 style-1555 style-local-1913-c18 position-relative\">\n        <!---->\n        <div class=\"h-row justify-content-lg-center justify-content-md-center justify-content-center align-items-lg-stretch align-items-md-stretch align-items-stretch gutters-col-lg-2 gutters-col-md-2 gutters-col-2 gutters-col-v-lg-2 gutters-col-v-md-2 gutters-col-v-2\">\n          <!---->\n          <div class=\"h-column h-column-container d-flex h-col-lg-auto h-col-md-auto h-col-auto style-1556-outer style-local-1913-c19-outer\">\n            <div data-colibri-id=\"1913-c19\" class=\"d-flex h-flex-basis h-column__inner h-px-lg-2 h-px-md-2 h-px-2 v-inner-lg-2 v-inner-md-2 v-inner-2 style-1556 style-local-1913-c19 position-relative\">\n              <!---->\n              <!---->\n              <div class=\"w-100 h-y-container h-column__content h-column__v-align flex-basis-100 align-self-lg-start align-self-md-start align-self-start\">\n                <!---->\n                <div data-colibri-id=\"1913-c20\" class=\"h-global-transition-all h-heading style-1557 style-local-1913-c20 position-relative h-element\">\n                  <!---->\n                  <div class=\"h-heading__outer style-1557 style-local-1913-c20\">\n                    <!---->\n                    <!---->\n                    <h2 class=\"\">Public sector<\/h2>\n                  <\/div>\n                <\/div>\n                <div data-colibri-id=\"1913-c21\" class=\"h-lead h-text h-text-component style-1558 style-local-1913-c21 position-relative h-element\">\n                  <!---->\n                  <!---->\n                  <div class=\"\">\n                    <p><span style=\"font-weight: 400; font-size: 16px; font-family: &quot;Open Sans&quot;; color: rgb(37, 41, 42);\">Our teams support the modernization of the State, local authorities, public establishments and assist non-profit organizations.<\/span><\/p>\n                  <\/div>\n                <\/div>\n              <\/div>\n            <\/div>\n          <\/div>\n        <\/div>\n      <\/div>\n      <div data-colibri-id=\"1913-c3\" class=\"h-row-container gutters-row-lg-2 gutters-row-md-2 gutters-row-2 gutters-row-v-lg-2 gutters-row-v-md-2 gutters-row-v-2 style-1533 style-local-1913-c3 position-relative\">\n        <!---->\n        <div class=\"h-row justify-content-lg-center justify-content-md-center justify-content-center align-items-lg-stretch align-items-md-stretch align-items-stretch gutters-col-lg-2 gutters-col-md-2 gutters-col-2 gutters-col-v-lg-2 gutters-col-v-md-2 gutters-col-v-2\">\n          <!---->\n          <div class=\"h-column h-column-container d-flex h-col-lg-4 h-col-md-6 h-col-12 style-1534-outer style-local-1913-c4-outer\">\n            <div data-colibri-id=\"1913-c4\" class=\"d-flex h-flex-basis h-column__inner h-px-lg-0 h-px-md-0 h-px-0 v-inner-lg-0 v-inner-md-0 v-inner-0 style-1534 style-local-1913-c4 position-relative\">\n              <!---->\n              <!---->\n              <div class=\"w-100 h-y-container h-column__content h-column__v-align flex-basis-100 align-self-lg-start align-self-md-start align-self-start\">\n                <!---->\n                <div data-colibri-id=\"1913-c5\" class=\"h-row-container gutters-row-lg-0 gutters-row-md-0 gutters-row-0 gutters-row-v-lg-0 gutters-row-v-md-0 gutters-row-v-0 style-1535 style-local-1913-c5 position-relative\">\n                  <!---->\n                  <div class=\"h-row justify-content-lg-center justify-content-md-center justify-content-center align-items-lg-stretch align-items-md-stretch align-items-stretch gutters-col-lg-0 gutters-col-md-0 gutters-col-0 gutters-col-v-lg-0 gutters-col-v-md-0 gutters-col-v-0\">\n                    <!---->\n                    <div class=\"h-column h-column-container d-flex h-col-lg-auto h-col-md-auto h-col-auto style-1536-outer style-local-1913-c6-outer\">\n                      <div data-colibri-id=\"1913-c6\" class=\"d-flex h-flex-basis h-column__inner h-ui-empty-state-container h-px-lg-0 h-px-md-0 h-px-0 v-inner-lg-0 v-inner-md-0 v-inner-0 style-1536 style-local-1913-c6 position-relative\">\n                        <!---->\n                        <!---->\n                        <div class=\"w-100 h-y-container h-column__content h-column__v-align flex-basis-100\">\n                          <!---->\n                        <\/div>\n                      <\/div>\n                    <\/div>\n                    <div class=\"h-column h-column-container d-flex h-col-lg-auto h-col-md-auto h-col-auto style-1542-outer style-local-1913-c7-outer\">\n                      <div data-colibri-id=\"1913-c7\" class=\"d-flex h-flex-basis h-column__inner h-px-lg-3 h-px-md-3 h-px-3 v-inner-lg-3 v-inner-md-3 v-inner-3 style-1542 style-local-1913-c7 position-relative\">\n                        <!---->\n                        <!---->\n                        <div class=\"w-100 h-y-container h-column__content h-column__v-align flex-basis-100 align-self-lg-start align-self-md-start align-self-start\">\n                          <!---->\n                          <div data-colibri-id=\"1913-c8\" class=\"h-global-transition-all h-heading style-1543 style-local-1913-c8 position-relative h-element\">\n                            <!---->\n                            <div class=\"h-heading__outer style-1543 style-local-1913-c8\">\n                              <!---->\n                              <!---->\n                              <h4 class=\"\">Public Governance\n                                <br>\n                              <\/h4>\n                            <\/div>\n                          <\/div>\n                          <div data-colibri-id=\"1913-c9\" class=\"h-text h-text-component style-1544 style-local-1913-c9 position-relative h-element\">\n                            <!---->\n                            <!---->\n                            <div class=\"\">\n                              <ul>\n                                <li>Financial, operational or organizational audit of ministers and local authorities.<\/li>\n                                <li>Audit of projects.<\/li>\n                                <li>Support in the reform and modernization of the State.<\/li>\n                                <li>Valuation of public policies.<\/li>\n                                <li>Privatization advice<\/li>\n                                <li>Public partnership<\/li>\n                              <\/ul>\n                              <p>\n                                <br>\n                              <\/p>\n                            <\/div>\n                          <\/div>\n                        <\/div>\n                      <\/div>\n                    <\/div>\n                  <\/div>\n                <\/div>\n              <\/div>\n            <\/div>\n          <\/div>\n          <div class=\"h-column h-column-container d-flex h-col-lg-4 h-col-md-6 h-col-12 style-1534-outer style-local-1913-c10-outer\">\n            <div data-colibri-id=\"1913-c10\" class=\"d-flex h-flex-basis h-column__inner h-px-lg-0 h-px-md-0 h-px-0 v-inner-lg-0 v-inner-md-0 v-inner-0 style-1534 style-local-1913-c10 position-relative\">\n              <!---->\n              <!---->\n              <div class=\"w-100 h-y-container h-column__content h-column__v-align flex-basis-100 align-self-lg-start align-self-md-start align-self-start\">\n                <!---->\n                <div data-colibri-id=\"1913-c11\" class=\"h-row-container gutters-row-lg-0 gutters-row-md-0 gutters-row-0 gutters-row-v-lg-0 gutters-row-v-md-0 gutters-row-v-0 style-1535 style-local-1913-c11 position-relative\">\n                  <!---->\n                  <div class=\"h-row justify-content-lg-center justify-content-md-center justify-content-center align-items-lg-stretch align-items-md-stretch align-items-stretch gutters-col-lg-0 gutters-col-md-0 gutters-col-0 gutters-col-v-lg-0 gutters-col-v-md-0 gutters-col-v-0\">\n                    <!---->\n                    <div class=\"h-column h-column-container d-flex h-col-lg-auto h-col-md-auto h-col-auto style-1536-outer style-local-1913-c12-outer\">\n                      <div data-colibri-id=\"1913-c12\" class=\"d-flex h-flex-basis h-column__inner h-ui-empty-state-container h-px-lg-0 h-px-md-0 h-px-0 v-inner-lg-0 v-inner-md-0 v-inner-0 style-1536 style-local-1913-c12 position-relative\">\n                        <!---->\n                        <!---->\n                        <div class=\"w-100 h-y-container h-column__content h-column__v-align flex-basis-100\">\n                          <!---->\n                        <\/div>\n                      <\/div>\n                    <\/div>\n                    <div class=\"h-column h-column-container d-flex h-col-lg-auto h-col-md-auto h-col-auto style-1542-outer style-local-1913-c13-outer\">\n                      <div data-colibri-id=\"1913-c13\" class=\"d-flex h-flex-basis h-column__inner h-px-lg-3 h-px-md-3 h-px-3 v-inner-lg-3 v-inner-md-3 v-inner-3 style-1542 style-local-1913-c13 position-relative\">\n                        <!---->\n                        <!---->\n                        <div class=\"w-100 h-y-container h-column__content h-column__v-align flex-basis-100 align-self-lg-start align-self-md-start align-self-start\">\n                          <!---->\n                          <div data-colibri-id=\"1913-c14\" class=\"h-global-transition-all h-heading style-1543 style-local-1913-c14 position-relative h-element\">\n                            <!---->\n                            <div class=\"h-heading__outer style-1543 style-local-1913-c14\">\n                              <!---->\n                              <!---->\n                              <h4 class=\"\">Institutions and NGO<\/h4>\n                            <\/div>\n                          <\/div>\n                          <div data-colibri-id=\"1913-c15\" class=\"h-text h-text-component style-1544 style-local-1913-c15 position-relative h-element\">\n                            <!---->\n                            <!---->\n                            <div class=\"\">\n                              <ul>\n                                <li>Financial and accounting contractual audit.<\/li>\n                                <li>Accounting and Financial Assistance<\/li>\n                                <li>Analysis of the budget process and budgets.<\/li>\n                                <li>Compliance with legal and contractual activity of the NGO with its statutes and institutional obligations.<\/li>\n                                <li>Investigation and diagnosis of fraud<\/li>\n                                <li>Information systems audit<\/li>\n                                <li>Specific studies<\/li>\n                              <\/ul>\n                              <p>\n                                <br>\n                              <\/p>\n                            <\/div>\n                          <\/div>\n                        <\/div>\n                      <\/div>\n                    <\/div>\n                  <\/div>\n                <\/div>\n              <\/div>\n            <\/div>\n          <\/div>\n        <\/div>\n      <\/div>\n      <div data-colibri-id=\"1913-c16\" class=\"h-row-container gutters-row-lg-2 gutters-row-md-2 gutters-row-0 gutters-row-v-lg-2 gutters-row-v-md-2 gutters-row-v-2 style-1551 style-local-1913-c16 position-relative\">\n        <!---->\n        <div class=\"h-row justify-content-lg-center justify-content-md-center justify-content-center align-items-lg-stretch align-items-md-stretch align-items-stretch gutters-col-lg-2 gutters-col-md-2 gutters-col-0 gutters-col-v-lg-2 gutters-col-v-md-2 gutters-col-v-2\">\n          <!---->\n          <div class=\"h-column h-column-container d-flex h-col-lg-auto h-col-md-auto h-col-auto style-1552-outer style-local-1913-c17-outer\">\n            <div data-colibri-id=\"1913-c17\" class=\"d-flex h-flex-basis h-column__inner h-ui-empty-state-container h-px-lg-2 h-px-md-2 h-px-2 v-inner-lg-2 v-inner-md-2 v-inner-2 style-1552 style-local-1913-c17 position-relative\">\n              <!---->\n              <!---->\n              <div class=\"w-100 h-y-container h-column__content h-column__v-align flex-basis-100\">\n                <!---->\n              <\/div>\n            <\/div>\n          <\/div>\n        <\/div>\n      <\/div>\n    <\/div>\n  <\/div>\n<\/div>","protected":false},"excerpt":{"rendered":"<p>Secteur Public Nos \u00e9quipes accompagnent la modernisation de l\u2019 Etat, des collectivit\u00e9s territoriales, des \u00e9tablissement publics et assistent les organismes sans but lucratif. Gouvernance publique Audit financier, op\u00e9rationnel ou organisation des ministres et des collectivit\u00e9s territoriales. Audit de projet Accompagnement dans la r\u00e9forme et modernisation de l\u2019Etat. Evaluation des politiques publiques Conseil en privatisation Partenariat public priv\u00e9 Institutions et ONG Audit contractuel financier et comptable. Accompagnement comptable et financier Analyse du processus budg\u00e9taire et des budgets. Conformit\u00e9 l\u00e9gale et contractuelle de l\u2019activit\u00e9 de l\u2019ONG avec ses status et ses obligations institutionnelles. Investigation et diagnostic de fraudes Audit des syst\u00e8mes d\u2019information Etudes sp\u00e9cifiques<\/p>","protected":false},"author":1,"featured_media":0,"parent":0,"menu_order":0,"comment_status":"closed","ping_status":"closed","template":"page-templates\/full-width-page.php","meta":{"footnotes":""},"class_list":["post-1913","page","type-page","status-publish","hentry"],"yoast_head":"<!-- This site is optimized with the Yoast SEO plugin v27.4 - https:\/\/yoast.com\/product\/yoast-seo-wordpress\/ -->\n<title>Secteur public - Soci\u00e9t\u00e9 d&#039;Expertise Comptable<\/title>\n<meta name=\"robots\" content=\"index, follow, max-snippet:-1, max-image-preview:large, max-video-preview:-1\" \/>\n<link rel=\"canonical\" href=\"https:\/\/cabinet-lombonna.com\/en\/secteur-public\/\" \/>\n<meta property=\"og:locale\" content=\"en_US\" \/>\n<meta property=\"og:type\" content=\"article\" \/>\n<meta property=\"og:title\" content=\"Secteur public - Soci\u00e9t\u00e9 d&#039;Expertise Comptable\" \/>\n<meta property=\"og:description\" content=\"Secteur Public Nos \u00e9quipes accompagnent la modernisation de l\u2019 Etat, des collectivit\u00e9s territoriales, des \u00e9tablissement publics et assistent les organismes sans but lucratif. Gouvernance publique Audit financier, op\u00e9rationnel ou organisation des ministres et des collectivit\u00e9s territoriales. Audit de projet Accompagnement dans la r\u00e9forme et modernisation de l\u2019Etat. Evaluation des politiques publiques Conseil en privatisation Partenariat public priv\u00e9 Institutions et ONG Audit contractuel financier et comptable. Accompagnement comptable et financier Analyse du processus budg\u00e9taire et des budgets. Conformit\u00e9 l\u00e9gale et contractuelle de l\u2019activit\u00e9 de l\u2019ONG avec ses status et ses obligations institutionnelles. Investigation et diagnostic de fraudes Audit des syst\u00e8mes d\u2019information Etudes sp\u00e9cifiques\" \/>\n<meta property=\"og:url\" content=\"https:\/\/cabinet-lombonna.com\/en\/secteur-public\/\" \/>\n<meta property=\"og:site_name\" content=\"Soci\u00e9t\u00e9 d&#039;Expertise Comptable\" \/>\n<meta property=\"article:modified_time\" content=\"2024-03-21T10:38:06+00:00\" \/>\n<meta name=\"twitter:card\" content=\"summary_large_image\" \/>\n<meta name=\"twitter:label1\" content=\"Est. reading time\" \/>\n\t<meta name=\"twitter:data1\" content=\"1 minute\" \/>\n<script type=\"application\/ld+json\" class=\"yoast-schema-graph\">{\"@context\":\"https:\\\/\\\/schema.org\",\"@graph\":[{\"@type\":\"WebPage\",\"@id\":\"https:\\\/\\\/cabinet-lombonna.com\\\/secteur-public\\\/\",\"url\":\"https:\\\/\\\/cabinet-lombonna.com\\\/secteur-public\\\/\",\"name\":\"Secteur public - Soci\u00e9t\u00e9 d&#039;Expertise Comptable\",\"isPartOf\":{\"@id\":\"https:\\\/\\\/cabinet-lombonna.com\\\/#website\"},\"datePublished\":\"2024-03-13T10:51:07+00:00\",\"dateModified\":\"2024-03-21T10:38:06+00:00\",\"breadcrumb\":{\"@id\":\"https:\\\/\\\/cabinet-lombonna.com\\\/secteur-public\\\/#breadcrumb\"},\"inLanguage\":\"en-US\",\"potentialAction\":[{\"@type\":\"ReadAction\",\"target\":[\"https:\\\/\\\/cabinet-lombonna.com\\\/secteur-public\\\/\"]}]},{\"@type\":\"BreadcrumbList\",\"@id\":\"https:\\\/\\\/cabinet-lombonna.com\\\/secteur-public\\\/#breadcrumb\",\"itemListElement\":[{\"@type\":\"ListItem\",\"position\":1,\"name\":\"Accueil\",\"item\":\"https:\\\/\\\/cabinet-lombonna.com\\\/\"},{\"@type\":\"ListItem\",\"position\":2,\"name\":\"Secteur public\"}]},{\"@type\":\"WebSite\",\"@id\":\"https:\\\/\\\/cabinet-lombonna.com\\\/#website\",\"url\":\"https:\\\/\\\/cabinet-lombonna.com\\\/\",\"name\":\"Soci\u00e9t\u00e9 d&#039;Expertise Comptable\",\"description\":\"Correspondant RSM INTERNATIONAL\",\"publisher\":{\"@id\":\"https:\\\/\\\/cabinet-lombonna.com\\\/#organization\"},\"potentialAction\":[{\"@type\":\"SearchAction\",\"target\":{\"@type\":\"EntryPoint\",\"urlTemplate\":\"https:\\\/\\\/cabinet-lombonna.com\\\/?s={search_term_string}\"},\"query-input\":{\"@type\":\"PropertyValueSpecification\",\"valueRequired\":true,\"valueName\":\"search_term_string\"}}],\"inLanguage\":\"en-US\"},{\"@type\":\"Organization\",\"@id\":\"https:\\\/\\\/cabinet-lombonna.com\\\/#organization\",\"name\":\"Soci\u00e9t\u00e9 d&#039;Expertise Comptable\",\"url\":\"https:\\\/\\\/cabinet-lombonna.com\\\/\",\"logo\":{\"@type\":\"ImageObject\",\"inLanguage\":\"en-US\",\"@id\":\"https:\\\/\\\/cabinet-lombonna.com\\\/#\\\/schema\\\/logo\\\/image\\\/\",\"url\":\"https:\\\/\\\/cabinet-lombonna.com\\\/wp-content\\\/uploads\\\/2022\\\/08\\\/cropped-logo2.png\",\"contentUrl\":\"https:\\\/\\\/cabinet-lombonna.com\\\/wp-content\\\/uploads\\\/2022\\\/08\\\/cropped-logo2.png\",\"width\":329,\"height\":125,\"caption\":\"Soci\u00e9t\u00e9 d&#039;Expertise Comptable\"},\"image\":{\"@id\":\"https:\\\/\\\/cabinet-lombonna.com\\\/#\\\/schema\\\/logo\\\/image\\\/\"}}]}<\/script>\n<!-- \/ Yoast SEO plugin. -->","yoast_head_json":{"title":"Secteur public - Soci\u00e9t\u00e9 d&#039;Expertise Comptable","robots":{"index":"index","follow":"follow","max-snippet":"max-snippet:-1","max-image-preview":"max-image-preview:large","max-video-preview":"max-video-preview:-1"},"canonical":"https:\/\/cabinet-lombonna.com\/en\/secteur-public\/","og_locale":"en_US","og_type":"article","og_title":"Secteur public - Soci\u00e9t\u00e9 d&#039;Expertise Comptable","og_description":"Secteur Public Nos \u00e9quipes accompagnent la modernisation de l\u2019 Etat, des collectivit\u00e9s territoriales, des \u00e9tablissement publics et assistent les organismes sans but lucratif. Gouvernance publique Audit financier, op\u00e9rationnel ou organisation des ministres et des collectivit\u00e9s territoriales. Audit de projet Accompagnement dans la r\u00e9forme et modernisation de l\u2019Etat. Evaluation des politiques publiques Conseil en privatisation Partenariat public priv\u00e9 Institutions et ONG Audit contractuel financier et comptable. Accompagnement comptable et financier Analyse du processus budg\u00e9taire et des budgets. Conformit\u00e9 l\u00e9gale et contractuelle de l\u2019activit\u00e9 de l\u2019ONG avec ses status et ses obligations institutionnelles. Investigation et diagnostic de fraudes Audit des syst\u00e8mes d\u2019information Etudes sp\u00e9cifiques","og_url":"https:\/\/cabinet-lombonna.com\/en\/secteur-public\/","og_site_name":"Soci\u00e9t\u00e9 d&#039;Expertise Comptable","article_modified_time":"2024-03-21T10:38:06+00:00","twitter_card":"summary_large_image","twitter_misc":{"Est. reading time":"1 minute"},"schema":{"@context":"https:\/\/schema.org","@graph":[{"@type":"WebPage","@id":"https:\/\/cabinet-lombonna.com\/secteur-public\/","url":"https:\/\/cabinet-lombonna.com\/secteur-public\/","name":"Secteur public - Soci\u00e9t\u00e9 d&#039;Expertise Comptable","isPartOf":{"@id":"https:\/\/cabinet-lombonna.com\/#website"},"datePublished":"2024-03-13T10:51:07+00:00","dateModified":"2024-03-21T10:38:06+00:00","breadcrumb":{"@id":"https:\/\/cabinet-lombonna.com\/secteur-public\/#breadcrumb"},"inLanguage":"en-US","potentialAction":[{"@type":"ReadAction","target":["https:\/\/cabinet-lombonna.com\/secteur-public\/"]}]},{"@type":"BreadcrumbList","@id":"https:\/\/cabinet-lombonna.com\/secteur-public\/#breadcrumb","itemListElement":[{"@type":"ListItem","position":1,"name":"Accueil","item":"https:\/\/cabinet-lombonna.com\/"},{"@type":"ListItem","position":2,"name":"Secteur public"}]},{"@type":"WebSite","@id":"https:\/\/cabinet-lombonna.com\/#website","url":"https:\/\/cabinet-lombonna.com\/","name":"Soci\u00e9t\u00e9 d&#039;Expertise Comptable","description":"Correspondant RSM INTERNATIONAL","publisher":{"@id":"https:\/\/cabinet-lombonna.com\/#organization"},"potentialAction":[{"@type":"SearchAction","target":{"@type":"EntryPoint","urlTemplate":"https:\/\/cabinet-lombonna.com\/?s={search_term_string}"},"query-input":{"@type":"PropertyValueSpecification","valueRequired":true,"valueName":"search_term_string"}}],"inLanguage":"en-US"},{"@type":"Organization","@id":"https:\/\/cabinet-lombonna.com\/#organization","name":"Soci\u00e9t\u00e9 d&#039;Expertise Comptable","url":"https:\/\/cabinet-lombonna.com\/","logo":{"@type":"ImageObject","inLanguage":"en-US","@id":"https:\/\/cabinet-lombonna.com\/#\/schema\/logo\/image\/","url":"https:\/\/cabinet-lombonna.com\/wp-content\/uploads\/2022\/08\/cropped-logo2.png","contentUrl":"https:\/\/cabinet-lombonna.com\/wp-content\/uploads\/2022\/08\/cropped-logo2.png","width":329,"height":125,"caption":"Soci\u00e9t\u00e9 d&#039;Expertise Comptable"},"image":{"@id":"https:\/\/cabinet-lombonna.com\/#\/schema\/logo\/image\/"}}]}},"_links":{"self":[{"href":"https:\/\/cabinet-lombonna.com\/en\/wp-json\/wp\/v2\/pages\/1913","targetHints":{"allow":["GET"]}}],"collection":[{"href":"https:\/\/cabinet-lombonna.com\/en\/wp-json\/wp\/v2\/pages"}],"about":[{"href":"https:\/\/cabinet-lombonna.com\/en\/wp-json\/wp\/v2\/types\/page"}],"author":[{"embeddable":true,"href":"https:\/\/cabinet-lombonna.com\/en\/wp-json\/wp\/v2\/users\/1"}],"replies":[{"embeddable":true,"href":"https:\/\/cabinet-lombonna.com\/en\/wp-json\/wp\/v2\/comments?post=1913"}],"version-history":[{"count":13,"href":"https:\/\/cabinet-lombonna.com\/en\/wp-json\/wp\/v2\/pages\/1913\/revisions"}],"predecessor-version":[{"id":2234,"href":"https:\/\/cabinet-lombonna.com\/en\/wp-json\/wp\/v2\/pages\/1913\/revisions\/2234"}],"wp:attachment":[{"href":"https:\/\/cabinet-lombonna.com\/en\/wp-json\/wp\/v2\/media?parent=1913"}],"curies":[{"name":"wp","href":"https:\/\/api.w.org\/{rel}","templated":true}]}}